{"id":8,"date":"2018-09-19T20:51:40","date_gmt":"2018-09-19T18:51:40","guid":{"rendered":"https:\/\/www.merkwitz.net\/dshvokf-wp\/?page_id=8"},"modified":"2024-08-12T15:29:12","modified_gmt":"2024-08-12T13:29:12","slug":"startseite","status":"publish","type":"page","link":"https:\/\/www.merkwitz.net\/dshvokf-wp\/","title":{"rendered":"Startseite"},"content":{"rendered":"<div align=\"center\">\n<p><img loading=\"lazy\" decoding=\"async\" class=\"aligncenter size-medium wp-image-605\" src=\"https:\/\/www.merkwitz.net\/dshvokf-wp\/wp-content\/uploads\/2021\/06\/FB_IMG_1624899101296-300x225.jpg\" alt=\"\" width=\"300\" height=\"225\" srcset=\"https:\/\/www.merkwitz.net\/dshvokf-wp\/wp-content\/uploads\/2021\/06\/FB_IMG_1624899101296-300x225.jpg 300w, https:\/\/www.merkwitz.net\/dshvokf-wp\/wp-content\/uploads\/2021\/06\/FB_IMG_1624899101296-1024x768.jpg 1024w, https:\/\/www.merkwitz.net\/dshvokf-wp\/wp-content\/uploads\/2021\/06\/FB_IMG_1624899101296-768x576.jpg 768w, https:\/\/www.merkwitz.net\/dshvokf-wp\/wp-content\/uploads\/2021\/06\/FB_IMG_1624899101296.jpg 1080w\" sizes=\"auto, (max-width: 300px) 100vw, 300px\" \/><\/p>\n<p><span style=\"font-family: French Script MT, Trebuchet MS; font-size: xx-large;\"><b>Hallo, liebe Freunde des Deutschen Sch\u00e4ferhundes !<\/b><\/span><\/p>\n<p><span style=\"font-family: French Script MT, font-size: xx-large;\"><br \/>\nIch m\u00f6chte mich und meinen Zwinger<br \/>\n&#8222;vom Oschatzer Kleinforst&#8220; kurz vorstellen,<br \/>\nvorab m\u00f6chte ich noch erw\u00e4hnen,<br \/>\ndass ich eine reine Hobbyzucht betreibe,<br \/>\nmein Name ist Gerald Schorsch, Jahrgang 61,<br \/>\nich bin Vater von zwei erwachsenen Kindern.<br \/>\nZusammen mit meiner Frau leben wir auf<br \/>\nunserem Grundst\u00fcck in Oschatz, im Ortsteil Kleinforst.<\/span><\/p>\n<p>Kleinforst liegt sehr idyllisch an einem Park und bietet L\u00e4ndliches Flair.<br \/>\nDa dieser Ort ein wirkliches &#8222;Kleinod&#8220; ist, w\u00e4hlten wir ihn als<br \/>\nZwingernamen aus und lie\u00dfen ihn im April 2007 vom SV sch\u00fctzen.<br \/>\nSeit 1997 betreibe ich Hundesport.<br \/>\nF\u00fcr mich pers\u00f6nlich ist der DSH der perfekte Allrounder.<br \/>\nAls ich mir 2003 meine H\u00fcndin Ranka v. Falkberg zulegte und ich sah<br \/>\nwie gut sich die H\u00fcndin entwickelte,<br \/>\nreifte in mir der Gedanke zu z\u00fcchten.<br \/>\nMein Ziel ist es, einen gesunden, wesensstarken, arbeitswilligen<br \/>\naber auch &#8222;sch\u00f6nen&#8220; Hund in den Farben Schwarz\/Braun zu z\u00fcchten,<br \/>\ndabei lege ich sehr viel Wert auf die Gesundheit, das Wesen,<br \/>\nBelastbarkeit aber auch Anatomie und Pigment der Deckpartner<br \/>\num meinen Zuchtziel n\u00e4her zukommen.<\/p>\n<p>Bei dieser Gelegenheit m\u00f6chte ich mich bei meiner Frau,<br \/>\ndie sehr viel Verst\u00e4ndnis f\u00fcr mein Hobby aufbringt,<br \/>\nmeinen Sportfreunden und Z\u00fcchterkollegen bedanken,<br \/>\ndie mir mit Rat und Tat beiseite standen .<\/p>\n<p>Und nun viel Spa\u00df beim St\u00f6bern in meiner noch kleinen Homepage !<\/p>\n<p><a href=\"https:\/\/www.facebook.com\/gerald.schorsch\" target=\"_blank\" rel=\"noopener\">AUCH AUF FACEBOOK &#8211; hier klicken<\/a><\/p>\n<p>Kontakt per E-Mail : <a href=\"mailto:schorschel.ziro@web.de\">Ihre Nachricht hier !<\/a><\/p>\n<\/div>\n","protected":false},"excerpt":{"rendered":"<p>Hallo, liebe Freunde des Deutschen Sch\u00e4ferhundes ! Ich m\u00f6chte mich und meinen Zwinger &#8222;vom Oschatzer Kleinforst&#8220; kurz vorstellen, vorab m\u00f6chte<\/p>\n","protected":false},"author":1,"featured_media":0,"parent":0,"menu_order":0,"comment_status":"closed","ping_status":"closed","template":"","meta":{"footnotes":""},"class_list":["post-8","page","type-page","status-publish","hentry"],"_links":{"self":[{"href":"https:\/\/www.merkwitz.net\/dshvokf-wp\/wp-json\/wp\/v2\/pages\/8","targetHints":{"allow":["GET"]}}],"collection":[{"href":"https:\/\/www.merkwitz.net\/dshvokf-wp\/wp-json\/wp\/v2\/pages"}],"about":[{"href":"https:\/\/www.merkwitz.net\/dshvokf-wp\/wp-json\/wp\/v2\/types\/page"}],"author":[{"embeddable":true,"href":"https:\/\/www.merkwitz.net\/dshvokf-wp\/wp-json\/wp\/v2\/users\/1"}],"replies":[{"embeddable":true,"href":"https:\/\/www.merkwitz.net\/dshvokf-wp\/wp-json\/wp\/v2\/comments?post=8"}],"version-history":[{"count":6,"href":"https:\/\/www.merkwitz.net\/dshvokf-wp\/wp-json\/wp\/v2\/pages\/8\/revisions"}],"predecessor-version":[{"id":725,"href":"https:\/\/www.merkwitz.net\/dshvokf-wp\/wp-json\/wp\/v2\/pages\/8\/revisions\/725"}],"wp:attachment":[{"href":"https:\/\/www.merkwitz.net\/dshvokf-wp\/wp-json\/wp\/v2\/media?parent=8"}],"curies":[{"name":"wp","href":"https:\/\/api.w.org\/{rel}","templated":true}]}}