{"id":3,"date":"2018-09-18T16:49:33","date_gmt":"2018-09-18T14:49:33","guid":{"rendered":"https:\/\/www.merkwitz.net\/dshvokf-wp\/?page_id=3"},"modified":"2020-04-12T13:41:48","modified_gmt":"2020-04-12T11:41:48","slug":"datenschutzerklaerung","status":"publish","type":"page","link":"https:\/\/www.merkwitz.net\/dshvokf-wp\/datenschutzerklaerung\/","title":{"rendered":"Datenschutzerkl\u00e4rung"},"content":{"rendered":"<h2>Wer ich bin<\/h2>\n<p>, steht auf der Startseite und im Impressum.<\/p>\n<p>Die Adresse dieser Website ist: https:\/\/www.dsh-vom-oschatzer-kleinforst.de<\/p>\n<h3>Kommentare<\/h3>\n<p>Auf dieser Webseite sind Kommentare abgeschalten.<\/p>\n<h3>Eingebettete Inhalte von anderen Websites<\/h3>\n<p>Beitr\u00e4ge auf dieser Website k\u00f6nnen eingebettete Inhalte beinhalten (z.\u00a0B. Videos, Bilder, Beitr\u00e4ge etc.). Eingebettete Inhalte von anderen Websites verhalten sich exakt so, als ob der Besucher die andere Website besucht h\u00e4tte.<\/p>\n<p>Diese Websites k\u00f6nnen Daten \u00fcber dich sammeln, Cookies benutzen, zus\u00e4tzliche Tracking-Dienste von Dritten einbetten und deine Interaktion mit diesem eingebetteten Inhalt aufzeichnen, inklusive deiner Interaktion mit dem eingebetteten Inhalt, falls du ein Konto hast und auf dieser Website angemeldet bist.<\/p>\n<h3>Datenschutz Statify<\/h3>\n<p>Im direkten Vergleich mit Statistikdiensten wie <em>Google Analytics<\/em>, <em>WordPress.com Stats<\/em> und <em>Matomo (Piwik)<\/em> verarbeitet und speichert <em>Statify<\/em> keine personenbezogenen Daten wie IP-Adressen \u2013 <em>Statify<\/em> z\u00e4hlt Aufrufe, keine Besucher.<\/p>\n<p>V\u00f6llige Datenschutzkonformit\u00e4t gepaart mit transparenten Prozeduren: Eine in der lokalen WordPress-Installation angelegte Datenbank-Tabelle besteht aus nur 4 Feldern (ID, Datum, Herkunft, Ziel) und kann jederzeit durch den Administrator angezeigt, aufger\u00e4umt und geleert werden.<\/p>\n<p>Aufgrund dieser Funktionsweise erf\u00fcllt Statify alle Anforderungen der DSGVO und ist eine Alternative zu anderen Tracking-Diensten.<\/p>\n<h2>Kontakt-Informationen<\/h2>\n<p>Gerald Schorsch<br \/>\nPaul-Schuster-Str. 6<br \/>\n04758 Oschatz<br \/>\nMobil: 0172 \/ 361 28 94<br \/>\nKontakt per E-Mail : <a href=\"mailto:schorschel.ziro@web.de\">Ihre Nachricht hier !<\/a><\/p>\n","protected":false},"excerpt":{"rendered":"<p>Wer ich bin , steht auf der Startseite und im Impressum. Die Adresse dieser Website ist: https:\/\/www.dsh-vom-oschatzer-kleinforst.de Kommentare Auf dieser<\/p>\n","protected":false},"author":1,"featured_media":0,"parent":0,"menu_order":0,"comment_status":"closed","ping_status":"open","template":"","meta":{"footnotes":""},"class_list":["post-3","page","type-page","status-publish","hentry"],"_links":{"self":[{"href":"https:\/\/www.merkwitz.net\/dshvokf-wp\/wp-json\/wp\/v2\/pages\/3","targetHints":{"allow":["GET"]}}],"collection":[{"href":"https:\/\/www.merkwitz.net\/dshvokf-wp\/wp-json\/wp\/v2\/pages"}],"about":[{"href":"https:\/\/www.merkwitz.net\/dshvokf-wp\/wp-json\/wp\/v2\/types\/page"}],"author":[{"embeddable":true,"href":"https:\/\/www.merkwitz.net\/dshvokf-wp\/wp-json\/wp\/v2\/users\/1"}],"replies":[{"embeddable":true,"href":"https:\/\/www.merkwitz.net\/dshvokf-wp\/wp-json\/wp\/v2\/comments?post=3"}],"version-history":[{"count":4,"href":"https:\/\/www.merkwitz.net\/dshvokf-wp\/wp-json\/wp\/v2\/pages\/3\/revisions"}],"predecessor-version":[{"id":522,"href":"https:\/\/www.merkwitz.net\/dshvokf-wp\/wp-json\/wp\/v2\/pages\/3\/revisions\/522"}],"wp:attachment":[{"href":"https:\/\/www.merkwitz.net\/dshvokf-wp\/wp-json\/wp\/v2\/media?parent=3"}],"curies":[{"name":"wp","href":"https:\/\/api.w.org\/{rel}","templated":true}]}}